{"id":348,"date":"2014-05-23T09:08:44","date_gmt":"2014-05-23T09:08:44","guid":{"rendered":"http:\/\/nsdp.com.br\/?page_id=348"},"modified":"2025-10-10T18:29:32","modified_gmt":"2025-10-10T18:29:32","slug":"educacao-infantil","status":"publish","type":"page","link":"https:\/\/nsdp.com.br\/?page_id=348","title":{"rendered":"Educa\u00e7\u00e3o Infantil"},"content":{"rendered":"<h3 data-start=\"214\" data-end=\"241\"><strong data-start=\"218\" data-end=\"241\">Proposta Pedag\u00f3gica<\/strong><\/h3>\n<p data-start=\"243\" data-end=\"411\">No Col\u00e9gio Nossa Senhora da Divina Provid\u00eancia, acreditamos em uma educa\u00e7\u00e3o que valoriza a espontaneidade, a criatividade e o desenvolvimento cont\u00ednuo de nossos alunos.<\/p>\n<p data-start=\"413\" data-end=\"692\">Adotamos uma abordagem <strong data-start=\"436\" data-end=\"461\">ativa e participativa<\/strong>, baseada no princ\u00edpio do <strong data-start=\"487\" data-end=\"509\">&#8220;aprender fazendo&#8221;<\/strong>. Por meio de atividades pr\u00e1ticas e integradas, nossos alunos vivenciam experi\u00eancias que despertam emo\u00e7\u00f5es, incentivam a criatividade e promovem a constru\u00e7\u00e3o concreta do conhecimento.<\/p>\n<p data-start=\"694\" data-end=\"983\">Jogos, brincadeiras, produ\u00e7\u00f5es art\u00edsticas e o uso de materiais pedag\u00f3gicos s\u00e3o parte essencial do cotidiano escolar. Valorizamos cada etapa do aprendizado, e por isso, as produ\u00e7\u00f5es dos alunos s\u00e3o frequentemente expostas, permitindo que eles reconhe\u00e7am e acompanhem seu pr\u00f3prio crescimento.<\/p>\n<p data-start=\"985\" data-end=\"1234\">As <strong data-start=\"988\" data-end=\"1017\">aulas de Ensino Religioso<\/strong> s\u00e3o conduzidas de forma acolhedora e informal, promovendo valores como <strong data-start=\"1089\" data-end=\"1154\">doa\u00e7\u00e3o, partilha, respeito, comunh\u00e3o com Deus e com o pr\u00f3ximo<\/strong>. Cremos que a forma\u00e7\u00e3o humana e espiritual \u00e9 t\u00e3o importante quanto a acad\u00eamica.<\/p>\n<p data-start=\"1236\" data-end=\"1499\">Nossos alunos tamb\u00e9m t\u00eam acesso semanal ao <strong data-start=\"1279\" data-end=\"1309\">Laborat\u00f3rio de Inform\u00e1tica<\/strong>, onde aprendem a utilizar o computador de forma l\u00fadica, sempre integrada aos conte\u00fados curriculares e projetos interdisciplinares, desenvolvendo habilidades essenciais para o mundo digital.<\/p>\n<p data-start=\"1501\" data-end=\"1714\">A proposta pedag\u00f3gica do Col\u00e9gio Nossa Senhora da Divina Provid\u00eancia \u00e9 formar cidad\u00e3os conscientes, criativos e preparados para os desafios do presente e do futuro \u2014 com base em valores crist\u00e3os e humanos s\u00f3lidos.<\/p>\n<p><a href=\"http:\/\/nsdp.com.br\/wp-content\/uploads\/2014\/03\/curso_1_img_1.jpg\"><img loading=\"lazy\" decoding=\"async\" class=\"size-medium wp-image-330 alignleft\" src=\"http:\/\/nsdp.com.br\/wp-content\/uploads\/2014\/03\/curso_1_img_1-300x190.jpg\" alt=\"curso_1_img_1\" width=\"300\" height=\"190\" srcset=\"https:\/\/nsdp.com.br\/wp-content\/uploads\/2014\/03\/curso_1_img_1-300x190.jpg 300w, https:\/\/nsdp.com.br\/wp-content\/uploads\/2014\/03\/curso_1_img_1.jpg 315w\" sizes=\"auto, (max-width: 300px) 100vw, 300px\" \/><\/a><a href=\"http:\/\/nsdp.com.br\/wp-content\/uploads\/2014\/03\/curso_1_img_2.jpg\"><img loading=\"lazy\" decoding=\"async\" class=\"aligncenter size-medium wp-image-331\" src=\"http:\/\/nsdp.com.br\/wp-content\/uploads\/2014\/03\/curso_1_img_2-300x190.jpg\" alt=\"curso_1_img_2\" width=\"300\" height=\"190\" srcset=\"https:\/\/nsdp.com.br\/wp-content\/uploads\/2014\/03\/curso_1_img_2-300x190.jpg 300w, https:\/\/nsdp.com.br\/wp-content\/uploads\/2014\/03\/curso_1_img_2.jpg 315w\" sizes=\"auto, (max-width: 300px) 100vw, 300px\" \/><\/a><\/p>\n","protected":false},"excerpt":{"rendered":"<p>Proposta Pedag\u00f3gica No Col\u00e9gio Nossa Senhora da Divina Provid\u00eancia, acreditamos em uma educa\u00e7\u00e3o que valoriza a espontaneidade, a criatividade e o desenvolvimento cont\u00ednuo de nossos alunos. Adotamos uma abordagem ativa&#8230;<\/p>\n","protected":false},"author":1,"featured_media":0,"parent":0,"menu_order":0,"comment_status":"closed","ping_status":"closed","template":"","meta":{"_crdt_document":"","_joinchat":[],"footnotes":""},"class_list":["post-348","page","type-page","status-publish","hentry"],"_links":{"self":[{"href":"https:\/\/nsdp.com.br\/index.php?rest_route=\/wp\/v2\/pages\/348","targetHints":{"allow":["GET"]}}],"collection":[{"href":"https:\/\/nsdp.com.br\/index.php?rest_route=\/wp\/v2\/pages"}],"about":[{"href":"https:\/\/nsdp.com.br\/index.php?rest_route=\/wp\/v2\/types\/page"}],"author":[{"embeddable":true,"href":"https:\/\/nsdp.com.br\/index.php?rest_route=\/wp\/v2\/users\/1"}],"replies":[{"embeddable":true,"href":"https:\/\/nsdp.com.br\/index.php?rest_route=%2Fwp%2Fv2%2Fcomments&post=348"}],"version-history":[{"count":4,"href":"https:\/\/nsdp.com.br\/index.php?rest_route=\/wp\/v2\/pages\/348\/revisions"}],"predecessor-version":[{"id":16051,"href":"https:\/\/nsdp.com.br\/index.php?rest_route=\/wp\/v2\/pages\/348\/revisions\/16051"}],"wp:attachment":[{"href":"https:\/\/nsdp.com.br\/index.php?rest_route=%2Fwp%2Fv2%2Fmedia&parent=348"}],"curies":[{"name":"wp","href":"https:\/\/api.w.org\/{rel}","templated":true}]}}