{"id":32,"date":"2014-05-20T13:22:38","date_gmt":"2014-05-20T13:22:38","guid":{"rendered":"http:\/\/nsdp.com.br\/?page_id=32"},"modified":"2014-05-20T16:13:31","modified_gmt":"2014-05-20T16:13:31","slug":"proposta-pedagogica","status":"publish","type":"page","link":"https:\/\/nsdp.com.br\/?page_id=32","title":{"rendered":"Proposta Pedag\u00f3gica"},"content":{"rendered":"<div id=\"parte_5_geral_dir_proposta_1\" style=\"color: #000000;\">\n<p class=\"font_4_24\" style=\"color: #06274c;\">O Col\u00e9gio tem a finalidade de ministrar a educa\u00e7\u00e3o b\u00e1sica, em suas etapas de Educa\u00e7\u00e3o Infantil,<a href=\"http:\/\/nsdp.com.br\/wp-content\/uploads\/2014\/05\/proposta_img_1_b.jpg\"><img loading=\"lazy\" decoding=\"async\" class=\"size-medium wp-image-264 alignright\" src=\"http:\/\/nsdp.com.br\/wp-content\/uploads\/2014\/05\/proposta_img_1_b-226x300.jpg\" alt=\"proposta_img_1_b\" width=\"226\" height=\"300\" srcset=\"https:\/\/nsdp.com.br\/wp-content\/uploads\/2014\/05\/proposta_img_1_b-226x300.jpg 226w, https:\/\/nsdp.com.br\/wp-content\/uploads\/2014\/05\/proposta_img_1_b.jpg 250w\" sizes=\"auto, (max-width: 226px) 100vw, 226px\" \/><\/a> Ensino Fundamental, Ensino M\u00e9dio e ainda cursos semelhantes ou afins, obedecendo ao processo de autoriza\u00e7\u00e3o e a legisla\u00e7\u00e3o de ensino, variando os \u00faltimos em conte\u00fados e m\u00e9todos segundo os interesses e necessidades da clientela, observadas as disposi\u00e7\u00f5es legais aplic\u00e1veis em todos os casos.<\/p>\n<\/div>\n<div id=\"parte_5_geral_dir_proposta_1\" style=\"color: #000000;\">\n<p class=\"font_5_12\" style=\"color: #06274c;\">A finalidade \u00e9 de uma educa\u00e7\u00e3o libertadora nos ideais de solidariedade humana, qualifica\u00e7\u00e3o para o trabalho e preparo para o exerc\u00edcio consciente da cidadania, atrav\u00e9s de:<\/p>\n<p><strong>I &#8211;<\/strong>\u00a0Compreens\u00e3o dos direitos e deveres da pessoa humana, do cidad\u00e3o, do Estado, da fam\u00edlia e dos demais grupos que comp\u00f5em a comunidade;<\/p>\n<p><strong>II &#8211;<\/strong>\u00a0O respeito \u00e0 dignidade e as liberdades fundamentais do homem;<\/p>\n<p><strong>III &#8211;<\/strong>\u00a0Fortalecimento da unidade nacional e da solidariedade internacional;<\/p>\n<p><strong>IV &#8211;<\/strong>\u00a0O desenvolvimento integral da personalidade humana e sua participa\u00e7\u00e3o na obra do bem comum;<\/p>\n<p><strong>VI &#8211;<\/strong>\u00a0Preserva\u00e7\u00e3o e expans\u00e3o do patrim\u00f4nio cultural;<\/p>\n<p><strong>VII &#8211;<\/strong>\u00a0N\u00e3o aceita\u00e7\u00e3o a qualquer tratamento desigual por convic\u00e7\u00e3o filos\u00f3fica, religiosa, de ra\u00e7a ou nacionalidade;<\/p>\n<p><strong>VIII &#8211;<\/strong>\u00a0A forma\u00e7\u00e3o comum indispens\u00e1vel para o exerc\u00edcio da cidadania e dos meios para progresso no trabalho e em estudos posteriores.<\/p>\n<\/div>\n","protected":false},"excerpt":{"rendered":"<p>O Col\u00e9gio tem a finalidade de ministrar a educa\u00e7\u00e3o b\u00e1sica, em suas etapas de Educa\u00e7\u00e3o Infantil, Ensino Fundamental, Ensino M\u00e9dio e ainda cursos semelhantes ou afins, obedecendo ao processo de&#8230;<\/p>\n","protected":false},"author":1,"featured_media":0,"parent":0,"menu_order":1,"comment_status":"closed","ping_status":"closed","template":"","meta":{"_crdt_document":"","_joinchat":[],"footnotes":""},"class_list":["post-32","page","type-page","status-publish","hentry"],"_links":{"self":[{"href":"https:\/\/nsdp.com.br\/index.php?rest_route=\/wp\/v2\/pages\/32","targetHints":{"allow":["GET"]}}],"collection":[{"href":"https:\/\/nsdp.com.br\/index.php?rest_route=\/wp\/v2\/pages"}],"about":[{"href":"https:\/\/nsdp.com.br\/index.php?rest_route=\/wp\/v2\/types\/page"}],"author":[{"embeddable":true,"href":"https:\/\/nsdp.com.br\/index.php?rest_route=\/wp\/v2\/users\/1"}],"replies":[{"embeddable":true,"href":"https:\/\/nsdp.com.br\/index.php?rest_route=%2Fwp%2Fv2%2Fcomments&post=32"}],"version-history":[{"count":4,"href":"https:\/\/nsdp.com.br\/index.php?rest_route=\/wp\/v2\/pages\/32\/revisions"}],"predecessor-version":[{"id":838,"href":"https:\/\/nsdp.com.br\/index.php?rest_route=\/wp\/v2\/pages\/32\/revisions\/838"}],"wp:attachment":[{"href":"https:\/\/nsdp.com.br\/index.php?rest_route=%2Fwp%2Fv2%2Fmedia&parent=32"}],"curies":[{"name":"wp","href":"https:\/\/api.w.org\/{rel}","templated":true}]}}