{"id":274,"date":"2014-05-21T14:58:39","date_gmt":"2014-05-21T14:58:39","guid":{"rendered":"http:\/\/nsdp.com.br\/?page_id=274"},"modified":"2014-06-04T11:24:42","modified_gmt":"2014-06-04T11:24:42","slug":"ex-aluno","status":"publish","type":"page","link":"https:\/\/nsdp.com.br\/?page_id=274","title":{"rendered":"Ex-Aluno"},"content":{"rendered":"<p><strong>Ex-Aluno, o Col\u00e9gio N.Sra da Divina Provid\u00eancia n\u00e3o se esquece de voc\u00ea!<\/strong><\/p>\n<blockquote><p>&#8220;<em>S\u00f3 existe uma coisa melhor do que fazer novos amigos: conservar os velhos<\/em>.&#8221; &#8211; Elmer G. Letterman<\/p><\/blockquote>\n<p>Deixe-nos seus dados e entraremos em contato para convid\u00e1-lo a participar do pr\u00f3ximo Encontro de Ex-Alunos, voc\u00ea vai reencontrar seus velhos amigos de Inf\u00e2ncia e Juventude. N\u00e3o perca essa oportunidade! Relembre as boas fases de sua vida.<br \/>\n<strong>Deixe sua Mensagem <\/strong><code>  <p class=\"wpcf7-contact-form-not-found\"><strong>Erro:<\/strong> Formul\u00e1rio de contato n\u00e3o encontrado.<\/p> <\/code><\/p>\n","protected":false},"excerpt":{"rendered":"<p>Ex-Aluno, o Col\u00e9gio N.Sra da Divina Provid\u00eancia n\u00e3o se esquece de voc\u00ea! &#8220;S\u00f3 existe uma coisa melhor do que fazer novos amigos: conservar os velhos.&#8221; &#8211; Elmer G. Letterman Deixe-nos&#8230;<\/p>\n","protected":false},"author":1,"featured_media":0,"parent":0,"menu_order":0,"comment_status":"closed","ping_status":"closed","template":"page-contact.php","meta":{"_crdt_document":"","_joinchat":[],"footnotes":""},"class_list":["post-274","page","type-page","status-publish","hentry"],"_links":{"self":[{"href":"https:\/\/nsdp.com.br\/index.php?rest_route=\/wp\/v2\/pages\/274","targetHints":{"allow":["GET"]}}],"collection":[{"href":"https:\/\/nsdp.com.br\/index.php?rest_route=\/wp\/v2\/pages"}],"about":[{"href":"https:\/\/nsdp.com.br\/index.php?rest_route=\/wp\/v2\/types\/page"}],"author":[{"embeddable":true,"href":"https:\/\/nsdp.com.br\/index.php?rest_route=\/wp\/v2\/users\/1"}],"replies":[{"embeddable":true,"href":"https:\/\/nsdp.com.br\/index.php?rest_route=%2Fwp%2Fv2%2Fcomments&post=274"}],"version-history":[{"count":8,"href":"https:\/\/nsdp.com.br\/index.php?rest_route=\/wp\/v2\/pages\/274\/revisions"}],"predecessor-version":[{"id":15367,"href":"https:\/\/nsdp.com.br\/index.php?rest_route=\/wp\/v2\/pages\/274\/revisions\/15367"}],"wp:attachment":[{"href":"https:\/\/nsdp.com.br\/index.php?rest_route=%2Fwp%2Fv2%2Fmedia&parent=274"}],"curies":[{"name":"wp","href":"https:\/\/api.w.org\/{rel}","templated":true}]}}