{"id":260,"date":"2014-05-20T16:07:58","date_gmt":"2014-05-20T16:07:58","guid":{"rendered":"http:\/\/nsdp.com.br\/?page_id=260"},"modified":"2025-06-25T20:08:29","modified_gmt":"2025-06-25T20:08:29","slug":"calendario","status":"publish","type":"page","link":"https:\/\/nsdp.com.br\/?page_id=260","title":{"rendered":"Calend\u00e1rio"},"content":{"rendered":"<h1 style=\"text-align: center;\"><span style=\"color: #0000ff;\"><em><strong>Calend\u00e1rio 2025<\/strong><\/em><\/span><\/h1>\n<table style=\"height: 2566px;\" border=\"1\" width=\"872\" cellspacing=\"2\" cellpadding=\"1\">\n<tbody>\n<tr>\n<td width=\"325\" height=\"101\"><strong>JANEIRO<\/strong><\/p>\n<p>Per\u00edodo de 01 a 22 &#8211; Recesso Escolar<\/p>\n<p>27 \u2013 In\u00edcio do 1\u00ba Bimestre<\/p>\n<p>27 \u2013 Entrega de Apostilas (TODOS)<\/td>\n<td width=\"325\"><strong>JULHO<\/strong><\/p>\n<p>01 at\u00e9 30 \u2013 F\u00e9rias Escolares<\/p>\n<p>31 \u2013 Reuni\u00e3o Pedag\u00f3gica<\/td>\n<\/tr>\n<tr>\n<td height=\"184\"><strong>FEVEREIRO<\/strong><\/p>\n<p>03 a 28 \u2013 Avalia\u00e7\u00e3o Diagn\u00f3stica 3\u00ba ano EF at\u00e9 1\u00aa s\u00e9rie NEM<\/p>\n<p>08 \u2013 Atividade Letiva<\/p>\n<p>17 \u2013 Atividade Suspensa<\/p>\n<p>18 \u2013 Feriado Municipal<\/p>\n<p>22 \u2013 Atividade Letiva<\/p>\n<p>24 \u2013 Entrega de apostila \u2013 1\u00ba ano<\/td>\n<td><strong>AGOSTO<\/strong><\/p>\n<p>01 \u2013 In\u00edcio do 3\u00ba Bimestre<\/p>\n<p>01 \u2013 Entrega de apostila Educa\u00e7\u00e3o Infantil at\u00e9 2\u00aa s\u00e9rie NEM<\/p>\n<p>09 \u2013 Missa da Fam\u00edlia e Homenagem aos Pais<\/p>\n<p>18 \u2013 Entrega apostila 1\u00ba ano<\/p>\n<p>30 \u2013 Gincana e Festa da Fam\u00edlia<\/td>\n<\/tr>\n<tr>\n<td height=\"265\">\u00a0<strong>MAR\u00c7O<\/strong><\/p>\n<p>03 \u2013 Atividade Suspensa<\/p>\n<p>04 \u2013 Carnaval<\/p>\n<p>05 \u2013 Atividade Suspensa \u2013 Quarta-feira de cinzas<\/p>\n<p>06 a 14 \u2013 Avalia\u00e7\u00e3o Diagn\u00f3stica 3\u00ba ano do E.F at\u00e9 1\u00aa s\u00e9rie do NEM<\/p>\n<p>15 \u2013 Abertura da Campanha da Fraternidade \u2013 e Reuni\u00e3o de Pais<\/p>\n<p>21 \u2013 Entrega de apostila \u2013 3\u00aa s\u00e9rie NEM<\/p>\n<p>24 a 28 \u2013 Semana de Avalia\u00e7\u00e3o Bimestral<\/p>\n<p>29 \u2013 Atividade Letiva<\/p>\n<p>31 \u2013 Encerramento 1\u00ba Bimestre<\/p>\n<p>31 \u2013 Simulado P1 \u2013 3\u00baano EF at\u00e9 3\u00aa s\u00e9rie NEM<\/p>\n<p>31 \u2013 Prova Substitutiva das Avalia\u00e7\u00f5es Bimestrais<\/p>\n<p>31 \u2013 Entrega de apostila \u2013 1\u00ba ano<\/td>\n<td>\u00a0<strong>SETEMBRO<\/strong><\/p>\n<p>06 \u2013 Atividade Letiva<\/p>\n<p>08 \u2013 Simulado P3 \u2013 3\u00aa s\u00e9rie do NEM<\/p>\n<p>08 \u2013 Simulado P5 \u2013 do 3\u00ba ano at\u00e9 2\u00aa s\u00e9rie NEM<\/p>\n<p>09 \u2013 Simulado P6 \u2013 do 3\u00ba ano at\u00e9 2\u00aa s\u00e9rie NEM<\/p>\n<p>19 \u2013 Entrega apostila 1\u00ba ano e 3\u00aa s\u00e9rie NEM<\/p>\n<p>22 a 26 \u2013 Semana de Avalia\u00e7\u00e3o Bimestral<\/p>\n<p>27 \u2013 Atividade Letiva<\/p>\n<p>29 \u2013 Prova Substitutiva das Avalia\u00e7\u00f5es Bimestrais<\/p>\n<p>30 \u2013 Encerramento 3\u00ba Bimestre<\/td>\n<\/tr>\n<tr>\n<td height=\"350\">\u00a0<strong>ABRIL<\/strong><\/p>\n<p>01 \u2013 In\u00edcio 2\u00ba Bimestre<\/p>\n<p>01 \u2013 Simulado P2 \u2013 3\u00ba ano EF at\u00e9 2\u00aa s\u00e9rie NEM<\/p>\n<p>02 \u2013 Entrega apostila 1\u00ba ano at\u00e9 2\u00aa s\u00e9rie NEM<\/p>\n<p>03 \u2013 Conselho de Classe \u2013 Manh\u00e3 (tarde aula normal)<\/p>\n<p>04 \u2013 Conselho de Classe \u2013 Tarde (manh\u00e3 aula normal)<\/p>\n<p>05 \u2013 Reuni\u00e3o de Pais<\/p>\n<p>07 \u2013 Entrega de apostila \u2013 da Educa\u00e7\u00e3o Infantil<\/p>\n<p>17 \u2013 Atividade Suspensa \u2013 Quinta feira Santa<\/p>\n<p>18 \u2013 Feriado \u2013 Sexta feira Santa<\/p>\n<p>21 \u2013 Feriado \u2013 Tiradentes<\/p>\n<p>26 \u2013 Atividade Letiva<\/td>\n<td><strong>OUTUBRO<\/strong><\/p>\n<p>01 \u2013 Conselho de Classe \u2013 Tarde (manh\u00e3 aula normal)<\/p>\n<p>02 \u2013 Conselho de Classe \u2013 Manh\u00e3 (tarde aula normal)<\/p>\n<p>02 \u2013 In\u00edcio 4\u00ba bimestre<\/p>\n<p>02 \u2013 Entrega de apostila Educa\u00e7\u00e3o Infantil at\u00e9 3\u00aa s\u00e9rie NEM<\/p>\n<p>04 \u2013 Reuni\u00e3o de Pais<\/p>\n<p>11 \u2013 Atividade Letiva<\/p>\n<p>15 \u2013 Atividade Suspensa \u2013 Dia do Professor<\/p>\n<p>24 \u2013 Simulado P4 \u2013 3\u00aa s\u00e9rie NEM<\/p>\n<p>27 \u2013 Entrega apostila 1\u00ba ano<\/td>\n<\/tr>\n<tr>\n<td height=\"274\">\u00a0<strong>MAIO<\/strong><\/p>\n<p>01 \u2013 Feriado \u2013 Dia do Trabalho<\/p>\n<p>02 \u2013 Atividade Suspensa<\/p>\n<p>09 \u2013 Missa Comemorativa de Santa L\u00facia e Homenagem \u00e0s m\u00e3es<\/p>\n<p>12 \u2013 Entrega apostila 1\u00ba ano<\/p>\n<p>17 \u2013 Atividade Letiva<\/p>\n<p>26 \u2013 Entrega apostila 3\u00aa s\u00e9rie NEM<\/td>\n<td>\u00a0<strong>NOVEMBRO<\/strong><\/p>\n<p>08 \u2013 Atividade Letiva<\/p>\n<p>13,14,19,24 e 25 \u2013 Av. Bim. \u2013 Per\u00edodo da manh\u00e3<\/p>\n<p>17 a 25 \u2013 Avalia\u00e7\u00e3o Bimestral \u2013 Per\u00edodo da tarde<\/p>\n<p>20 \u2013 Feriado \u2013 Consci\u00eancia Negra<\/p>\n<p>21 \u2013 Atividade Suspensa<\/p>\n<p>26 \u2013 Missa de A\u00e7\u00e3o de Gra\u00e7as pelo ano letivo<\/p>\n<p>26 \u2013 Prova Substitutiva das Avalia\u00e7\u00f5es Bimestrais<\/p>\n<p>28 \u2013 Auto de Natal<\/td>\n<\/tr>\n<tr>\n<td height=\"270\">\u00a0<strong>JUNHO<\/strong><\/p>\n<p>02 \u2013 Simulado P2 \u2013 3\u00aa s\u00e9rie NEM<\/p>\n<p>06 \u2013 Suspens\u00e3o Atividade Tarde \u2013 Arruma\u00e7\u00e3o F.J.<\/p>\n<p>07 \u2013 Festa Junina<\/p>\n<p>09 \u2013 Suspens\u00e3o Atividade Manh\u00e3 \u2013 Arruma\u00e7\u00e3o<\/p>\n<p>09 a 13 \u2013 Semana de Avalia\u00e7\u00e3o Bimestral \u2013 Tarde<\/p>\n<p>10 a 16 \u2013 Semana de Avalia\u00e7\u00e3o Bimestral \u2013 Manh\u00e3<\/p>\n<p>12 \u2013 Entrega apostila 1\u00ba ano<\/p>\n<p>14 \u2013 Atividade Letiva<\/p>\n<p>17 \u2013 Prova Substitutiva das Avalia\u00e7\u00f5es Bimestrais<\/p>\n<p>19 \u2013 Feriado \u2013 Corpus Christis<\/p>\n<p>20 \u2013 Atividade Suspensa<\/p>\n<p>23 \u2013 Conselho de Classe \u2013 Manh\u00e3 e Tarde<\/p>\n<p>24 \u2013 Feriado Municipal<\/p>\n<p>28 \u2013 Reuni\u00e3o de Pais<\/td>\n<td>\u00a0<strong>DEZEMBRO<\/strong><\/p>\n<p>03 \u2013 Conselho de Classe \u2013 Manh\u00e3 e Tarde<\/p>\n<p>04 \u2013 Divulga\u00e7\u00e3o de Resultado Final<\/p>\n<p>05 a 18 \u2013 Recupera\u00e7\u00e3o Final<\/p>\n<p>19 \u2013 Conselho Final \u2013 Manh\u00e3 e Tarde<\/p>\n<p>19 \u2013 Cerim\u00f4nia de Encerramento de Ciclo (Jardim II, 5\u00ba e 9\u00aa ano do E.F. II) &#8211; Interno<\/p>\n<p>19 \u2013 Cola\u00e7\u00e3o de Grau \u2013 3\u00aa s\u00e9rie NEM<\/p>\n<p>22 \u2013 In\u00edcio do Recesso Escolar<\/p>\n<p><strong>\u00a0<\/strong><\/p>\n<p><strong>\u00a0<\/strong><\/p>\n<p><strong>Calend\u00e1rio sujeito a altera\u00e7\u00f5es<\/strong><\/td>\n<\/tr>\n<\/tbody>\n<\/table>\n<p style=\"color: #000000;\">\n","protected":false},"excerpt":{"rendered":"<p>Calend\u00e1rio 2025 JANEIRO Per\u00edodo de 01 a 22 &#8211; Recesso Escolar 27 \u2013 In\u00edcio do 1\u00ba Bimestre 27 \u2013 Entrega de Apostilas (TODOS) JULHO 01 at\u00e9 30 \u2013 F\u00e9rias Escolares&#8230;<\/p>\n","protected":false},"author":1,"featured_media":0,"parent":0,"menu_order":0,"comment_status":"closed","ping_status":"closed","template":"","meta":{"_crdt_document":"","_joinchat":[],"footnotes":""},"class_list":["post-260","page","type-page","status-publish","hentry"],"_links":{"self":[{"href":"https:\/\/nsdp.com.br\/index.php?rest_route=\/wp\/v2\/pages\/260","targetHints":{"allow":["GET"]}}],"collection":[{"href":"https:\/\/nsdp.com.br\/index.php?rest_route=\/wp\/v2\/pages"}],"about":[{"href":"https:\/\/nsdp.com.br\/index.php?rest_route=\/wp\/v2\/types\/page"}],"author":[{"embeddable":true,"href":"https:\/\/nsdp.com.br\/index.php?rest_route=\/wp\/v2\/users\/1"}],"replies":[{"embeddable":true,"href":"https:\/\/nsdp.com.br\/index.php?rest_route=%2Fwp%2Fv2%2Fcomments&post=260"}],"version-history":[{"count":17,"href":"https:\/\/nsdp.com.br\/index.php?rest_route=\/wp\/v2\/pages\/260\/revisions"}],"predecessor-version":[{"id":15855,"href":"https:\/\/nsdp.com.br\/index.php?rest_route=\/wp\/v2\/pages\/260\/revisions\/15855"}],"wp:attachment":[{"href":"https:\/\/nsdp.com.br\/index.php?rest_route=%2Fwp%2Fv2%2Fmedia&parent=260"}],"curies":[{"name":"wp","href":"https:\/\/api.w.org\/{rel}","templated":true}]}}