{"id":15393,"date":"2020-11-13T11:53:44","date_gmt":"2020-11-13T11:53:44","guid":{"rendered":"http:\/\/nsdp.com.br\/?page_id=15393"},"modified":"2025-10-08T16:50:58","modified_gmt":"2025-10-08T16:50:58","slug":"rematricula-web","status":"publish","type":"page","link":"https:\/\/nsdp.com.br\/?page_id=15393","title":{"rendered":"Rematr\u00edculas"},"content":{"rendered":"\r\n<p class=\"wp-block-paragraph\">Clique nos Documentos abaixo e fa\u00e7a o download (requer Adobe Reader):<\/p>\r\n\r\n\r\n\r\n<p class=\"wp-block-paragraph\">&nbsp;<\/p>\r\n\r\n\r\n\r\n<p class=\"wp-block-paragraph\"><a href=\"http:\/\/nsdp.com.br\/wp-content\/uploads\/2025\/10\/02.Autorizacao-entrada-saida-permanencia-2026.pdf\">Autoriza\u00e7\u00e3o de Entrada\/Sa\u00edda\/Perman\u00eancia<\/a><\/p>\r\n\r\n\r\n\r\n<p class=\"wp-block-paragraph\"><a href=\"http:\/\/nsdp.com.br\/wp-content\/uploads\/2025\/10\/03.Autorizacao-para-pratica-de-atividade-fisica-2026.pdf\">Autoriza\u00e7\u00e3o para Pr\u00e1tica de Educa\u00e7\u00e3o F\u00edsica<\/a><\/p>\r\n\r\n\r\n\r\n<p class=\"wp-block-paragraph\"><a href=\"http:\/\/nsdp.com.br\/wp-content\/uploads\/2025\/10\/09.Declaracao-de-Saude-2026.pdf\">Declara\u00e7\u00e3o de Sa\u00fade<\/a><\/p>\r\n\r\n\r\n\r\n<p class=\"wp-block-paragraph\"><a href=\"http:\/\/nsdp.com.br\/?p=99\" target=\"_blank\" rel=\"noreferrer noopener\">Lista de Material Escolar<\/a><\/p>\r\n\r\n\r\n\r\n<p class=\"wp-block-paragraph\"><a href=\"http:\/\/nsdp.com.br\/wp-content\/uploads\/2020\/11\/747.6_SURA-Cole\u00b4gio-e-Alper-Alta_INSTITUTO-NOSSA-SENHORA-DIVINA-PROVIDENCIA-v2-1.pdf\" target=\"_blank\" rel=\"noreferrer noopener\">Seguro Educacional &#8211; Sura<\/a><\/p>\r\n\r\n\r\n\r\n<p class=\"wp-block-paragraph\"><a href=\"http:\/\/nsdp.com.br\/wp-content\/uploads\/2025\/10\/Manual-de-passo-a-passo-para-Rematricula-Web-2026.pdf\">Manual da Rematr\u00edcula Web\/2026<\/a><\/p>\r\n","protected":false},"excerpt":{"rendered":"<p>Clique nos Documentos abaixo e fa\u00e7a o download (requer Adobe Reader): &nbsp; Autoriza\u00e7\u00e3o de Entrada\/Sa\u00edda\/Perman\u00eancia Autoriza\u00e7\u00e3o para Pr\u00e1tica de Educa\u00e7\u00e3o F\u00edsica Declara\u00e7\u00e3o de Sa\u00fade Lista de Material Escolar Seguro Educacional&#8230;<\/p>\n","protected":false},"author":2,"featured_media":0,"parent":0,"menu_order":0,"comment_status":"closed","ping_status":"closed","template":"","meta":{"_crdt_document":"","_joinchat":[],"footnotes":""},"class_list":["post-15393","page","type-page","status-publish","hentry"],"_links":{"self":[{"href":"https:\/\/nsdp.com.br\/index.php?rest_route=\/wp\/v2\/pages\/15393","targetHints":{"allow":["GET"]}}],"collection":[{"href":"https:\/\/nsdp.com.br\/index.php?rest_route=\/wp\/v2\/pages"}],"about":[{"href":"https:\/\/nsdp.com.br\/index.php?rest_route=\/wp\/v2\/types\/page"}],"author":[{"embeddable":true,"href":"https:\/\/nsdp.com.br\/index.php?rest_route=\/wp\/v2\/users\/2"}],"replies":[{"embeddable":true,"href":"https:\/\/nsdp.com.br\/index.php?rest_route=%2Fwp%2Fv2%2Fcomments&post=15393"}],"version-history":[{"count":18,"href":"https:\/\/nsdp.com.br\/index.php?rest_route=\/wp\/v2\/pages\/15393\/revisions"}],"predecessor-version":[{"id":16043,"href":"https:\/\/nsdp.com.br\/index.php?rest_route=\/wp\/v2\/pages\/15393\/revisions\/16043"}],"wp:attachment":[{"href":"https:\/\/nsdp.com.br\/index.php?rest_route=%2Fwp%2Fv2%2Fmedia&parent=15393"}],"curies":[{"name":"wp","href":"https:\/\/api.w.org\/{rel}","templated":true}]}}