{"id":137,"date":"2014-03-11T19:05:16","date_gmt":"2014-03-11T19:05:16","guid":{"rendered":"http:\/\/www.esmeth.com\/wp\/?page_id=20"},"modified":"2025-10-10T19:50:39","modified_gmt":"2025-10-10T19:50:39","slug":"home","status":"publish","type":"page","link":"https:\/\/nsdp.com.br\/","title":{"rendered":"Home"},"content":{"rendered":"<p><!-- End Google Tag Manager --><\/p>\n<h1>Hist\u00f3ria do Col\u00e9gio Nossa Senhora da Divina Provid\u00eancia<a href=\"http:\/\/nsdp.com.br\/wp-content\/uploads\/2018\/04\/SANTA-L\u00daCIA-FILIPPINI-quadro.jpg\"><img loading=\"lazy\" decoding=\"async\" class=\" wp-image-831 alignright\" src=\"http:\/\/nsdp.com.br\/wp-content\/uploads\/2018\/04\/SANTA-L\u00daCIA-FILIPPINI-quadro.jpg\" alt=\"\" width=\"143\" height=\"239\" \/><\/a><\/h1>\n<p data-start=\"197\" data-end=\"717\">Fundado em <strong data-start=\"208\" data-end=\"216\">1982<\/strong> por <strong data-start=\"221\" data-end=\"246\">Madre Catarina Jonata<\/strong>, na \u00e9poca Vice-Provincial, o <strong data-start=\"276\" data-end=\"323\">Col\u00e9gio Nossa Senhora da Divina Provid\u00eancia<\/strong> iniciou suas atividades em fevereiro daquele ano, com apenas <strong data-start=\"385\" data-end=\"400\">46 crian\u00e7as<\/strong> matriculadas. A inaugura\u00e7\u00e3o oficial aconteceu em uma <strong data-start=\"454\" data-end=\"487\">celebra\u00e7\u00e3o eucar\u00edstica campal<\/strong>, presidida pelo Padre Vital Bernini, no p\u00e1tio do pr\u00f3prio col\u00e9gio. O evento contou com a presen\u00e7a de <strong data-start=\"588\" data-end=\"609\">autoridades civis<\/strong>, <strong data-start=\"611\" data-end=\"625\">religiosas<\/strong>, <strong data-start=\"627\" data-end=\"647\">comunidade local<\/strong> e <strong data-start=\"650\" data-end=\"665\">paroquianos<\/strong>, marcando o in\u00edcio de uma jornada de educa\u00e7\u00e3o e f\u00e9.<\/p>\n<p data-start=\"719\" data-end=\"965\">O nome do col\u00e9gio foi inspirado no profundo desejo da <strong data-start=\"773\" data-end=\"800\">propriet\u00e1ria do terreno<\/strong>, uma senhora devota de <strong data-start=\"824\" data-end=\"863\">Nossa Senhora da Divina Provid\u00eancia<\/strong>, que desejava que a institui\u00e7\u00e3o fosse um local de ensino, cuidado e b\u00ean\u00e7\u00e3os para todos os envolvidos.<\/p>\n<p data-start=\"967\" data-end=\"1280\">Com uma proposta de <strong data-start=\"987\" data-end=\"1017\">educa\u00e7\u00e3o integral e humana<\/strong>, o Col\u00e9gio Nossa Senhora da Divina Provid\u00eancia visa, at\u00e9 hoje, oferecer uma <strong data-start=\"1094\" data-end=\"1112\">educa\u00e7\u00e3o sadia<\/strong> e de qualidade, preparando as futuras gera\u00e7\u00f5es de brasileiros para os desafios do presente e do futuro, com valores crist\u00e3os s\u00f3lidos e uma forma\u00e7\u00e3o acad\u00eamica completa.<\/p>\n","protected":false},"excerpt":{"rendered":"<p>Hist\u00f3ria do Col\u00e9gio Nossa Senhora da Divina Provid\u00eancia Fundado em 1982 por Madre Catarina Jonata, na \u00e9poca Vice-Provincial, o Col\u00e9gio Nossa Senhora da Divina Provid\u00eancia iniciou suas atividades em fevereiro&#8230;<\/p>\n","protected":false},"author":1,"featured_media":0,"parent":0,"menu_order":0,"comment_status":"closed","ping_status":"closed","template":"","meta":{"_crdt_document":"","_joinchat":[],"footnotes":""},"class_list":["post-137","page","type-page","status-publish","hentry"],"_links":{"self":[{"href":"https:\/\/nsdp.com.br\/index.php?rest_route=\/wp\/v2\/pages\/137","targetHints":{"allow":["GET"]}}],"collection":[{"href":"https:\/\/nsdp.com.br\/index.php?rest_route=\/wp\/v2\/pages"}],"about":[{"href":"https:\/\/nsdp.com.br\/index.php?rest_route=\/wp\/v2\/types\/page"}],"author":[{"embeddable":true,"href":"https:\/\/nsdp.com.br\/index.php?rest_route=\/wp\/v2\/users\/1"}],"replies":[{"embeddable":true,"href":"https:\/\/nsdp.com.br\/index.php?rest_route=%2Fwp%2Fv2%2Fcomments&post=137"}],"version-history":[{"count":13,"href":"https:\/\/nsdp.com.br\/index.php?rest_route=\/wp\/v2\/pages\/137\/revisions"}],"predecessor-version":[{"id":16054,"href":"https:\/\/nsdp.com.br\/index.php?rest_route=\/wp\/v2\/pages\/137\/revisions\/16054"}],"wp:attachment":[{"href":"https:\/\/nsdp.com.br\/index.php?rest_route=%2Fwp%2Fv2%2Fmedia&parent=137"}],"curies":[{"name":"wp","href":"https:\/\/api.w.org\/{rel}","templated":true}]}}